{"id":1340,"date":"2023-08-22T12:50:51","date_gmt":"2023-08-22T18:50:51","guid":{"rendered":"https:\/\/fafmujer.org\/?page_id=1340"},"modified":"2026-04-14T23:54:55","modified_gmt":"2026-04-15T05:54:55","slug":"mision","status":"publish","type":"page","link":"https:\/\/fafmujer.org\/index.php\/mision\/","title":{"rendered":"Misi\u00f3n"},"content":{"rendered":"\t\t<div data-elementor-type=\"wp-page\" data-elementor-id=\"1340\" class=\"elementor elementor-1340\">\n\t\t\t\t\t\t<section class=\"elementor-section elementor-top-section elementor-element elementor-element-a962343 elementor-section-boxed elementor-section-height-default elementor-section-height-default wpr-particle-no wpr-jarallax-no wpr-parallax-no wpr-sticky-section-no\" data-id=\"a962343\" data-element_type=\"section\" data-settings=\"{&quot;background_background&quot;:&quot;classic&quot;}\">\n\t\t\t\t\t\t\t<div class=\"elementor-background-overlay\"><\/div>\n\t\t\t\t\t\t\t<div class=\"elementor-container elementor-column-gap-default\">\n\t\t\t\t\t<div class=\"elementor-column elementor-col-100 elementor-top-column elementor-element elementor-element-ca9f60c\" data-id=\"ca9f60c\" data-element_type=\"column\">\n\t\t\t<div class=\"elementor-widget-wrap elementor-element-populated\">\n\t\t\t\t\t\t<div class=\"elementor-element elementor-element-53ae069 elementor-widget elementor-widget-heading\" data-id=\"53ae069\" data-element_type=\"widget\" data-widget_type=\"heading.default\">\n\t\t\t\t<div class=\"elementor-widget-container\">\n\t\t\t<h2 class=\"elementor-heading-title elementor-size-xl\"><b>Nuestra Misi\u00f3n<\/b><\/h2>\t\t<\/div>\n\t\t\t\t<\/div>\n\t\t\t\t<section class=\"elementor-section elementor-inner-section elementor-element elementor-element-7114878 elementor-section-boxed elementor-section-height-default elementor-section-height-default wpr-particle-no wpr-jarallax-no wpr-parallax-no wpr-sticky-section-no\" data-id=\"7114878\" data-element_type=\"section\">\n\t\t\t\t\t\t<div class=\"elementor-container elementor-column-gap-default\">\n\t\t\t\t\t<div class=\"elementor-column elementor-col-50 elementor-inner-column elementor-element elementor-element-7af8a00\" data-id=\"7af8a00\" data-element_type=\"column\">\n\t\t\t<div class=\"elementor-widget-wrap elementor-element-populated\">\n\t\t\t\t\t\t<div class=\"elementor-element elementor-element-b7aa144 elementor-widget elementor-widget-text-editor\" data-id=\"b7aa144\" data-element_type=\"widget\" data-widget_type=\"text-editor.default\">\n\t\t\t\t<div class=\"elementor-widget-container\">\n\t\t\t\t\t\t\t<p data-pm-slice=\"1 1 []\">-Brindar acompa\u00f1amiento psicol\u00f3gico, contenci\u00f3n emocional y formaci\u00f3n integral a mujeres en situaci\u00f3n de vulnerabilidad, promoviendo su bienestar, autonom\u00eda y empoderamiento; Desde una perspectiva de g\u00e9nero y derechos humanos, trabajamos en la prevenci\u00f3n de la violencia, la equidad social y el fortalecimiento de redes comunitarias solidarias, creando espacios seguros donde cada mujer pueda sanar, crecer y transformar su realidbad<\/p>\t\t\t\t\t\t<\/div>\n\t\t\t\t<\/div>\n\t\t\t\t\t<\/div>\n\t\t<\/div>\n\t\t\t\t<div class=\"elementor-column elementor-col-50 elementor-inner-column elementor-element elementor-element-7b126b6\" data-id=\"7b126b6\" data-element_type=\"column\">\n\t\t\t<div class=\"elementor-widget-wrap elementor-element-populated\">\n\t\t\t\t\t\t<div class=\"elementor-element elementor-element-0c8379b elementor-widget elementor-widget-image\" data-id=\"0c8379b\" data-element_type=\"widget\" data-widget_type=\"image.default\">\n\t\t\t\t<div class=\"elementor-widget-container\">\n\t\t\t\t\t\t\t\t\t\t\t\t\t<img fetchpriority=\"high\" decoding=\"async\" width=\"813\" height=\"939\" src=\"https:\/\/fafmujer.org\/wp-content\/uploads\/2026\/04\/WhatsApp-Image-2026-02-05-at-12.07.04-AM.jpeg\" class=\"attachment-large size-large wp-image-1990\" alt=\"\" srcset=\"https:\/\/fafmujer.org\/wp-content\/uploads\/2026\/04\/WhatsApp-Image-2026-02-05-at-12.07.04-AM.jpeg 813w, https:\/\/fafmujer.org\/wp-content\/uploads\/2026\/04\/WhatsApp-Image-2026-02-05-at-12.07.04-AM-260x300.jpeg 260w, https:\/\/fafmujer.org\/wp-content\/uploads\/2026\/04\/WhatsApp-Image-2026-02-05-at-12.07.04-AM-768x887.jpeg 768w\" sizes=\"(max-width: 813px) 100vw, 813px\" \/>\t\t\t\t\t\t\t\t\t\t\t\t\t<\/div>\n\t\t\t\t<\/div>\n\t\t\t\t\t<\/div>\n\t\t<\/div>\n\t\t\t\t\t<\/div>\n\t\t<\/section>\n\t\t\t\t\t<\/div>\n\t\t<\/div>\n\t\t\t\t\t<\/div>\n\t\t<\/section>\n\t\t\t\t<\/div>\n\t\t","protected":false},"excerpt":{"rendered":"<p>Nuestra Misi\u00f3n -Brindar acompa\u00f1amiento psicol\u00f3gico, contenci\u00f3n emocional y formaci\u00f3n integral a mujeres en situaci\u00f3n de vulnerabilidad, promoviendo su bienestar, autonom\u00eda y empoderamiento; Desde una perspectiva de g\u00e9nero y derechos humanos, trabajamos en la prevenci\u00f3n de la violencia, la equidad social y el fortalecimiento de redes comunitarias solidarias, creando espacios seguros donde cada mujer pueda sanar, &hellip;<\/p>\n<p class=\"read-more\"> <a class=\"\" href=\"https:\/\/fafmujer.org\/index.php\/mision\/\"> <span class=\"screen-reader-text\">Misi\u00f3n<\/span> Leer m\u00e1s &raquo;<\/a><\/p>\n","protected":false},"author":1,"featured_media":0,"parent":0,"menu_order":0,"comment_status":"closed","ping_status":"closed","template":"","meta":{"site-sidebar-layout":"no-sidebar","site-content-layout":"page-builder","ast-site-content-layout":"","site-content-style":"default","site-sidebar-style":"default","ast-global-header-display":"","ast-banner-title-visibility":"","ast-main-header-display":"","ast-hfb-above-header-display":"","ast-hfb-below-header-display":"","ast-hfb-mobile-header-display":"","site-post-title":"disabled","ast-breadcrumbs-content":"","ast-featured-img":"disabled","footer-sml-layout":"","theme-transparent-header-meta":"","adv-header-id-meta":"","stick-header-meta":"","header-above-stick-meta":"","header-main-stick-meta":"","header-below-stick-meta":"","astra-migrate-meta-layouts":"","footnotes":""},"class_list":["post-1340","page","type-page","status-publish","hentry"],"_links":{"self":[{"href":"https:\/\/fafmujer.org\/index.php\/wp-json\/wp\/v2\/pages\/1340","targetHints":{"allow":["GET"]}}],"collection":[{"href":"https:\/\/fafmujer.org\/index.php\/wp-json\/wp\/v2\/pages"}],"about":[{"href":"https:\/\/fafmujer.org\/index.php\/wp-json\/wp\/v2\/types\/page"}],"author":[{"embeddable":true,"href":"https:\/\/fafmujer.org\/index.php\/wp-json\/wp\/v2\/users\/1"}],"replies":[{"embeddable":true,"href":"https:\/\/fafmujer.org\/index.php\/wp-json\/wp\/v2\/comments?post=1340"}],"version-history":[{"count":32,"href":"https:\/\/fafmujer.org\/index.php\/wp-json\/wp\/v2\/pages\/1340\/revisions"}],"predecessor-version":[{"id":1994,"href":"https:\/\/fafmujer.org\/index.php\/wp-json\/wp\/v2\/pages\/1340\/revisions\/1994"}],"wp:attachment":[{"href":"https:\/\/fafmujer.org\/index.php\/wp-json\/wp\/v2\/media?parent=1340"}],"curies":[{"name":"wp","href":"https:\/\/api.w.org\/{rel}","templated":true}]}}