{"id":1341,"date":"2023-08-22T12:50:51","date_gmt":"2023-08-22T18:50:51","guid":{"rendered":"https:\/\/fafmujer.org\/?page_id=1341"},"modified":"2026-04-14T23:35:25","modified_gmt":"2026-04-15T05:35:25","slug":"vision","status":"publish","type":"page","link":"https:\/\/fafmujer.org\/index.php\/vision\/","title":{"rendered":"Visi\u00f3n"},"content":{"rendered":"\t\t<div data-elementor-type=\"wp-page\" data-elementor-id=\"1341\" class=\"elementor elementor-1341\">\n\t\t\t\t\t\t<section class=\"elementor-section elementor-top-section elementor-element elementor-element-374fbef elementor-section-boxed elementor-section-height-default elementor-section-height-default wpr-particle-no wpr-jarallax-no wpr-parallax-no wpr-sticky-section-no\" data-id=\"374fbef\" data-element_type=\"section\">\n\t\t\t\t\t\t<div class=\"elementor-container elementor-column-gap-default\">\n\t\t\t\t\t<div class=\"elementor-column elementor-col-100 elementor-top-column elementor-element elementor-element-0000319\" data-id=\"0000319\" data-element_type=\"column\">\n\t\t\t<div class=\"elementor-widget-wrap elementor-element-populated\">\n\t\t\t\t\t\t<div class=\"elementor-element elementor-element-a41d77a elementor-widget elementor-widget-heading\" data-id=\"a41d77a\" data-element_type=\"widget\" data-widget_type=\"heading.default\">\n\t\t\t\t<div class=\"elementor-widget-container\">\n\t\t\t<h2 class=\"elementor-heading-title elementor-size-default\">\u00bfQu\u00e9 puedes esperar de la fundaci\u00f3n Alianza en favor de la mujer?<\/h2>\t\t<\/div>\n\t\t\t\t<\/div>\n\t\t\t\t\t<\/div>\n\t\t<\/div>\n\t\t\t\t\t<\/div>\n\t\t<\/section>\n\t\t\t\t<section class=\"elementor-section elementor-top-section elementor-element elementor-element-fbbc12c elementor-section-boxed elementor-section-height-default elementor-section-height-default wpr-particle-no wpr-jarallax-no wpr-parallax-no wpr-sticky-section-no\" data-id=\"fbbc12c\" data-element_type=\"section\" data-settings=\"{&quot;background_background&quot;:&quot;classic&quot;}\">\n\t\t\t\t\t\t\t<div class=\"elementor-background-overlay\"><\/div>\n\t\t\t\t\t\t\t<div class=\"elementor-container elementor-column-gap-default\">\n\t\t\t\t\t<div class=\"elementor-column elementor-col-100 elementor-top-column elementor-element elementor-element-8390b98\" data-id=\"8390b98\" data-element_type=\"column\">\n\t\t\t<div class=\"elementor-widget-wrap elementor-element-populated\">\n\t\t\t\t\t\t<div class=\"elementor-element elementor-element-c2a4ee9 elementor-widget elementor-widget-heading\" data-id=\"c2a4ee9\" data-element_type=\"widget\" data-widget_type=\"heading.default\">\n\t\t\t\t<div class=\"elementor-widget-container\">\n\t\t\t<h2 class=\"elementor-heading-title elementor-size-xl\"><b>Nuestra Visi\u00f3n<\/b><\/h2>\t\t<\/div>\n\t\t\t\t<\/div>\n\t\t\t\t\t<\/div>\n\t\t<\/div>\n\t\t\t\t\t<\/div>\n\t\t<\/section>\n\t\t\t\t<section class=\"elementor-section elementor-top-section elementor-element elementor-element-19225c0 elementor-section-boxed elementor-section-height-default elementor-section-height-default wpr-particle-no wpr-jarallax-no wpr-parallax-no wpr-sticky-section-no\" data-id=\"19225c0\" data-element_type=\"section\">\n\t\t\t\t\t\t\t<div class=\"elementor-background-overlay\"><\/div>\n\t\t\t\t\t\t\t<div class=\"elementor-container elementor-column-gap-default\">\n\t\t\t\t\t<div class=\"elementor-column elementor-col-100 elementor-top-column elementor-element elementor-element-2162d5d\" data-id=\"2162d5d\" data-element_type=\"column\">\n\t\t\t<div class=\"elementor-widget-wrap elementor-element-populated\">\n\t\t\t\t\t\t<div class=\"elementor-element elementor-element-3f0cbf4 elementor-widget__width-initial elementor-widget elementor-widget-image\" data-id=\"3f0cbf4\" data-element_type=\"widget\" data-widget_type=\"image.default\">\n\t\t\t\t<div class=\"elementor-widget-container\">\n\t\t\t\t\t\t\t\t\t\t\t\t\t<img fetchpriority=\"high\" decoding=\"async\" width=\"1024\" height=\"768\" src=\"https:\/\/fafmujer.org\/wp-content\/uploads\/2026\/02\/4c501c63-764a-4f0b-8c55-3998eca8af12-1024x768.jpg\" class=\"attachment-large size-large wp-image-1913\" alt=\"\" srcset=\"https:\/\/fafmujer.org\/wp-content\/uploads\/2026\/02\/4c501c63-764a-4f0b-8c55-3998eca8af12-1024x768.jpg 1024w, https:\/\/fafmujer.org\/wp-content\/uploads\/2026\/02\/4c501c63-764a-4f0b-8c55-3998eca8af12-300x225.jpg 300w, https:\/\/fafmujer.org\/wp-content\/uploads\/2026\/02\/4c501c63-764a-4f0b-8c55-3998eca8af12-768x576.jpg 768w, https:\/\/fafmujer.org\/wp-content\/uploads\/2026\/02\/4c501c63-764a-4f0b-8c55-3998eca8af12.jpg 1111w\" sizes=\"(max-width: 1024px) 100vw, 1024px\" \/>\t\t\t\t\t\t\t\t\t\t\t\t\t<\/div>\n\t\t\t\t<\/div>\n\t\t\t\t\t<\/div>\n\t\t<\/div>\n\t\t\t\t\t<\/div>\n\t\t<\/section>\n\t\t\t\t<section class=\"elementor-section elementor-top-section elementor-element elementor-element-d724497 elementor-section-boxed elementor-section-height-default elementor-section-height-default wpr-particle-no wpr-jarallax-no wpr-parallax-no wpr-sticky-section-no\" data-id=\"d724497\" data-element_type=\"section\">\n\t\t\t\t\t\t\t<div class=\"elementor-background-overlay\"><\/div>\n\t\t\t\t\t\t\t<div class=\"elementor-container elementor-column-gap-default\">\n\t\t\t\t\t<div class=\"elementor-column elementor-col-100 elementor-top-column elementor-element elementor-element-4855dcb\" data-id=\"4855dcb\" data-element_type=\"column\">\n\t\t\t<div class=\"elementor-widget-wrap elementor-element-populated\">\n\t\t\t\t\t\t<div class=\"elementor-element elementor-element-6b987f5 e-transform e-transform elementor-invisible elementor-widget elementor-widget-heading\" data-id=\"6b987f5\" data-element_type=\"widget\" data-settings=\"{&quot;_animation&quot;:&quot;fadeInLeft&quot;,&quot;_transform_scale_effect&quot;:{&quot;unit&quot;:&quot;px&quot;,&quot;size&quot;:&quot;&quot;,&quot;sizes&quot;:[]},&quot;_transform_scale_effect_tablet&quot;:{&quot;unit&quot;:&quot;px&quot;,&quot;size&quot;:&quot;&quot;,&quot;sizes&quot;:[]},&quot;_transform_scale_effect_mobile&quot;:{&quot;unit&quot;:&quot;px&quot;,&quot;size&quot;:&quot;&quot;,&quot;sizes&quot;:[]},&quot;_transform_skewX_effect&quot;:{&quot;unit&quot;:&quot;px&quot;,&quot;size&quot;:&quot;&quot;,&quot;sizes&quot;:[]},&quot;_transform_skewX_effect_tablet&quot;:{&quot;unit&quot;:&quot;deg&quot;,&quot;size&quot;:&quot;&quot;,&quot;sizes&quot;:[]},&quot;_transform_skewX_effect_mobile&quot;:{&quot;unit&quot;:&quot;deg&quot;,&quot;size&quot;:&quot;&quot;,&quot;sizes&quot;:[]},&quot;_transform_skewY_effect&quot;:{&quot;unit&quot;:&quot;px&quot;,&quot;size&quot;:&quot;&quot;,&quot;sizes&quot;:[]},&quot;_transform_skewY_effect_tablet&quot;:{&quot;unit&quot;:&quot;deg&quot;,&quot;size&quot;:&quot;&quot;,&quot;sizes&quot;:[]},&quot;_transform_skewY_effect_mobile&quot;:{&quot;unit&quot;:&quot;deg&quot;,&quot;size&quot;:&quot;&quot;,&quot;sizes&quot;:[]}}\" data-widget_type=\"heading.default\">\n\t\t\t\t<div class=\"elementor-widget-container\">\n\t\t\t<h2 class=\"elementor-heading-title elementor-size-default\"><ul class=\"PlaygroundEditorTheme__ul\"><li value=\"1\" class=\"PlaygroundEditorTheme__listItem\"><b><strong class=\"PlaygroundEditorTheme__textBold\">Atenci\u00f3n integral y profesional<\/strong><\/b>, brindada por psic\u00f3logas, abogadas y trabajadoras sociales comprometidas con tu bienestar. \n<br><\/li><li value=\"2\" class=\"PlaygroundEditorTheme__listItem\"><b><strong class=\"PlaygroundEditorTheme__textBold\">Terapias individuales y grupales<\/strong><\/b>, enfocadas en el empoderamiento emocional, la autoestima y la superaci\u00f3n del ciclo de violencia.\n<br><\/li><li value=\"3\" class=\"PlaygroundEditorTheme__listItem\"><b><strong class=\"PlaygroundEditorTheme__textBold\">Orientaci\u00f3n legal gratuita<\/strong><\/b>, para que conozcas y ejerzas tus derechos con informaci\u00f3n clara y acompa\u00f1amiento humano.\n\n<\/li><li value=\"4\" class=\"PlaygroundEditorTheme__listItem\"><b><strong class=\"PlaygroundEditorTheme__textBold\">Talleres y capacitaciones<\/strong><\/b>, que fortalecen tus habilidades personales, sociales y laborales.\n\n<\/li><li value=\"5\" class=\"PlaygroundEditorTheme__listItem\"><b><strong class=\"PlaygroundEditorTheme__textBold\">Un entorno seguro y libre de juicios<\/strong><\/b>, donde cada mujer es valorada, comprendida y acompa\u00f1ada desde el respeto.\n\n<\/li><li value=\"6\" class=\"PlaygroundEditorTheme__listItem\"><b><strong class=\"PlaygroundEditorTheme__textBold\">Una red de apoyo real<\/strong><\/b>, que camina contigo en cada etapa de tu proceso de sanaci\u00f3n y reconstrucci\u00f3n.\n\n<\/li><li value=\"7\" class=\"PlaygroundEditorTheme__listItem\">En la Fundaci\u00f3n, creemos que cada mujer merece vivir una vida libre, plena y digna. Estamos aqu\u00ed para ayudarte a reconectar con tu fuerza, tu voz y tu prop\u00f3sito.<\/li><\/ul><\/h2>\t\t<\/div>\n\t\t\t\t<\/div>\n\t\t\t\t\t<\/div>\n\t\t<\/div>\n\t\t\t\t\t<\/div>\n\t\t<\/section>\n\t\t\t\t<section class=\"elementor-section elementor-top-section elementor-element elementor-element-9b9142d elementor-section-boxed elementor-section-height-default elementor-section-height-default wpr-particle-no wpr-jarallax-no wpr-parallax-no wpr-sticky-section-no\" data-id=\"9b9142d\" data-element_type=\"section\">\n\t\t\t\t\t\t\t<div class=\"elementor-background-overlay\"><\/div>\n\t\t\t\t\t\t\t<div class=\"elementor-container elementor-column-gap-default\">\n\t\t\t\t\t<div class=\"elementor-column elementor-col-100 elementor-top-column elementor-element elementor-element-083f2e7\" data-id=\"083f2e7\" data-element_type=\"column\">\n\t\t\t<div class=\"elementor-widget-wrap elementor-element-populated\">\n\t\t\t\t\t\t<section class=\"elementor-section elementor-inner-section elementor-element elementor-element-4eb505c elementor-section-boxed elementor-section-height-default elementor-section-height-default wpr-particle-no wpr-jarallax-no wpr-parallax-no wpr-sticky-section-no\" data-id=\"4eb505c\" data-element_type=\"section\">\n\t\t\t\t\t\t<div class=\"elementor-container elementor-column-gap-default\">\n\t\t\t\t\t<div class=\"elementor-column elementor-col-50 elementor-inner-column elementor-element elementor-element-9265fdc\" data-id=\"9265fdc\" data-element_type=\"column\">\n\t\t\t<div class=\"elementor-widget-wrap elementor-element-populated\">\n\t\t\t\t\t\t<div class=\"elementor-element elementor-element-977d4d2 elementor-widget elementor-widget-image\" data-id=\"977d4d2\" data-element_type=\"widget\" data-widget_type=\"image.default\">\n\t\t\t\t<div class=\"elementor-widget-container\">\n\t\t\t\t\t\t\t\t\t\t\t\t\t<img decoding=\"async\" width=\"1003\" height=\"762\" src=\"https:\/\/fafmujer.org\/wp-content\/uploads\/2026\/03\/WhatsApp-Image-2026-02-05-at-12.09.47-AM.jpeg\" class=\"attachment-large size-large wp-image-1963\" alt=\"\" srcset=\"https:\/\/fafmujer.org\/wp-content\/uploads\/2026\/03\/WhatsApp-Image-2026-02-05-at-12.09.47-AM.jpeg 1003w, https:\/\/fafmujer.org\/wp-content\/uploads\/2026\/03\/WhatsApp-Image-2026-02-05-at-12.09.47-AM-300x228.jpeg 300w, https:\/\/fafmujer.org\/wp-content\/uploads\/2026\/03\/WhatsApp-Image-2026-02-05-at-12.09.47-AM-768x583.jpeg 768w\" sizes=\"(max-width: 1003px) 100vw, 1003px\" \/>\t\t\t\t\t\t\t\t\t\t\t\t\t<\/div>\n\t\t\t\t<\/div>\n\t\t\t\t\t<\/div>\n\t\t<\/div>\n\t\t\t\t<div class=\"elementor-column elementor-col-50 elementor-inner-column elementor-element elementor-element-090d136\" data-id=\"090d136\" data-element_type=\"column\">\n\t\t\t<div class=\"elementor-widget-wrap elementor-element-populated\">\n\t\t\t\t\t\t<div class=\"elementor-element elementor-element-335c1b5 elementor-widget elementor-widget-image\" data-id=\"335c1b5\" data-element_type=\"widget\" data-widget_type=\"image.default\">\n\t\t\t\t<div class=\"elementor-widget-container\">\n\t\t\t\t\t\t\t\t\t\t\t\t\t<img decoding=\"async\" width=\"1024\" height=\"768\" src=\"https:\/\/fafmujer.org\/wp-content\/uploads\/2026\/02\/WhatsApp-Image-2026-02-05-at-12.10.37-AM-1024x768.jpeg\" class=\"attachment-large size-large wp-image-1869\" alt=\"\" srcset=\"https:\/\/fafmujer.org\/wp-content\/uploads\/2026\/02\/WhatsApp-Image-2026-02-05-at-12.10.37-AM-1024x768.jpeg 1024w, https:\/\/fafmujer.org\/wp-content\/uploads\/2026\/02\/WhatsApp-Image-2026-02-05-at-12.10.37-AM-300x225.jpeg 300w, https:\/\/fafmujer.org\/wp-content\/uploads\/2026\/02\/WhatsApp-Image-2026-02-05-at-12.10.37-AM-768x576.jpeg 768w, https:\/\/fafmujer.org\/wp-content\/uploads\/2026\/02\/WhatsApp-Image-2026-02-05-at-12.10.37-AM.jpeg 1280w\" sizes=\"(max-width: 1024px) 100vw, 1024px\" \/>\t\t\t\t\t\t\t\t\t\t\t\t\t<\/div>\n\t\t\t\t<\/div>\n\t\t\t\t\t<\/div>\n\t\t<\/div>\n\t\t\t\t\t<\/div>\n\t\t<\/section>\n\t\t\t\t\t<\/div>\n\t\t<\/div>\n\t\t\t\t\t<\/div>\n\t\t<\/section>\n\t\t\t\t<\/div>\n\t\t","protected":false},"excerpt":{"rendered":"<p>\u00bfQu\u00e9 puedes esperar de la fundaci\u00f3n Alianza en favor de la mujer? Nuestra Visi\u00f3n Atenci\u00f3n integral y profesional, brindada por psic\u00f3logas, abogadas y trabajadoras sociales comprometidas con tu bienestar. Terapias individuales y grupales, enfocadas en el empoderamiento emocional, la autoestima y la superaci\u00f3n del ciclo de violencia. Orientaci\u00f3n legal gratuita, para que conozcas y ejerzas &hellip;<\/p>\n<p class=\"read-more\"> <a class=\"\" href=\"https:\/\/fafmujer.org\/index.php\/vision\/\"> <span class=\"screen-reader-text\">Visi\u00f3n<\/span> Leer m\u00e1s &raquo;<\/a><\/p>\n","protected":false},"author":1,"featured_media":0,"parent":0,"menu_order":0,"comment_status":"closed","ping_status":"closed","template":"","meta":{"site-sidebar-layout":"no-sidebar","site-content-layout":"page-builder","ast-site-content-layout":"","site-content-style":"default","site-sidebar-style":"default","ast-global-header-display":"","ast-banner-title-visibility":"","ast-main-header-display":"","ast-hfb-above-header-display":"","ast-hfb-below-header-display":"","ast-hfb-mobile-header-display":"","site-post-title":"disabled","ast-breadcrumbs-content":"","ast-featured-img":"disabled","footer-sml-layout":"","theme-transparent-header-meta":"","adv-header-id-meta":"","stick-header-meta":"","header-above-stick-meta":"","header-main-stick-meta":"","header-below-stick-meta":"","astra-migrate-meta-layouts":"","footnotes":""},"class_list":["post-1341","page","type-page","status-publish","hentry"],"_links":{"self":[{"href":"https:\/\/fafmujer.org\/index.php\/wp-json\/wp\/v2\/pages\/1341","targetHints":{"allow":["GET"]}}],"collection":[{"href":"https:\/\/fafmujer.org\/index.php\/wp-json\/wp\/v2\/pages"}],"about":[{"href":"https:\/\/fafmujer.org\/index.php\/wp-json\/wp\/v2\/types\/page"}],"author":[{"embeddable":true,"href":"https:\/\/fafmujer.org\/index.php\/wp-json\/wp\/v2\/users\/1"}],"replies":[{"embeddable":true,"href":"https:\/\/fafmujer.org\/index.php\/wp-json\/wp\/v2\/comments?post=1341"}],"version-history":[{"count":64,"href":"https:\/\/fafmujer.org\/index.php\/wp-json\/wp\/v2\/pages\/1341\/revisions"}],"predecessor-version":[{"id":1988,"href":"https:\/\/fafmujer.org\/index.php\/wp-json\/wp\/v2\/pages\/1341\/revisions\/1988"}],"wp:attachment":[{"href":"https:\/\/fafmujer.org\/index.php\/wp-json\/wp\/v2\/media?parent=1341"}],"curies":[{"name":"wp","href":"https:\/\/api.w.org\/{rel}","templated":true}]}}