{"id":14,"date":"2021-11-21T15:14:19","date_gmt":"2021-11-21T21:14:19","guid":{"rendered":"https:\/\/fafmujer.org\/index.php\/about\/"},"modified":"2026-03-07T23:39:31","modified_gmt":"2026-03-08T05:39:31","slug":"sobre-nosotros","status":"publish","type":"page","link":"https:\/\/fafmujer.org\/index.php\/sobre-nosotros\/","title":{"rendered":"Sobre nosotros"},"content":{"rendered":"\t\t<div data-elementor-type=\"wp-page\" data-elementor-id=\"14\" class=\"elementor elementor-14\">\n\t\t\t\t\t\t<section class=\"elementor-section elementor-top-section elementor-element elementor-element-c8ddeb6 elementor-section-height-min-height elementor-section-boxed elementor-section-height-default elementor-section-items-middle wpr-particle-no wpr-jarallax-no wpr-parallax-no wpr-sticky-section-no\" data-id=\"c8ddeb6\" data-element_type=\"section\" data-settings=\"{&quot;background_background&quot;:&quot;classic&quot;}\">\n\t\t\t\t\t\t\t<div class=\"elementor-background-overlay\"><\/div>\n\t\t\t\t\t\t\t<div class=\"elementor-container elementor-column-gap-default\">\n\t\t\t\t\t<div class=\"elementor-column elementor-col-100 elementor-top-column elementor-element elementor-element-6a5337e\" data-id=\"6a5337e\" data-element_type=\"column\">\n\t\t\t<div class=\"elementor-widget-wrap elementor-element-populated\">\n\t\t\t\t\t\t<div class=\"elementor-element elementor-element-feefb6c elementor-widget elementor-widget-heading\" data-id=\"feefb6c\" data-element_type=\"widget\" data-widget_type=\"heading.default\">\n\t\t\t\t<div class=\"elementor-widget-container\">\n\t\t\t<h1 class=\"elementor-heading-title elementor-size-default\">Sobre nosotros. <\/h1>\t\t<\/div>\n\t\t\t\t<\/div>\n\t\t\t\t\t<\/div>\n\t\t<\/div>\n\t\t\t\t\t<\/div>\n\t\t<\/section>\n\t\t\t\t<section class=\"elementor-section elementor-top-section elementor-element elementor-element-b8e8b91 elementor-section-boxed elementor-section-height-default elementor-section-height-default wpr-particle-no wpr-jarallax-no wpr-parallax-no wpr-sticky-section-no\" data-id=\"b8e8b91\" data-element_type=\"section\" data-settings=\"{&quot;background_background&quot;:&quot;classic&quot;}\">\n\t\t\t\t\t\t<div class=\"elementor-container elementor-column-gap-default\">\n\t\t\t\t\t<div class=\"elementor-column elementor-col-100 elementor-top-column elementor-element elementor-element-e84ffac\" data-id=\"e84ffac\" data-element_type=\"column\">\n\t\t\t<div class=\"elementor-widget-wrap elementor-element-populated\">\n\t\t\t\t\t\t<div class=\"elementor-element elementor-element-58e7a23 elementor-widget__width-initial elementor-widget elementor-widget-text-editor\" data-id=\"58e7a23\" data-element_type=\"widget\" data-widget_type=\"text-editor.default\">\n\t\t\t\t<div class=\"elementor-widget-container\">\n\t\t\t\t\t\t\t<p>Hace m\u00e1s de dos d\u00e9cadas, en 1997, Fundaci\u00f3n Alianza en Favor de la Mujer de la CDMX, IAP, fue fundada con un sue\u00f1o audaz: garantizar igualdad de oportunidades en educaci\u00f3n, capacitaci\u00f3n y empleo para las mujeres, as\u00ed como promover la equidad en el ejercicio de sus derechos y respaldar su papel fundamental en la integraci\u00f3n familiar.<\/p><p>Desde nuestros inicios, nos hemos comprometido a atender y apoyar a las mujeres que enfrentan diversos problemas socioecon\u00f3micos y, como resultado, experimentan alg\u00fan tipo de marginaci\u00f3n. Nuestra misi\u00f3n es brindarles servicios integrales de orientaci\u00f3n y asesor\u00eda legal, atenci\u00f3n m\u00e9dica, educaci\u00f3n y capacitaci\u00f3n, permiti\u00e9ndoles enfrentar los desaf\u00edos que la vida les presenta.<\/p><p>A lo largo de los a\u00f1os, hemos sido testigos de las historias de valent\u00eda y superaci\u00f3n de las mujeres y las personas de la tercera edad a quienes hemos tenido el privilegio de apoyar. Sus logros y transformaciones nos inspiran a seguir adelante en nuestro compromiso con la comunidad.<\/p><p>En Fundaci\u00f3n Alianza en Favor de la Mujer de la CDMX, IAP, miramos hacia el futuro con entusiasmo y determinaci\u00f3n. Seguimos trabajando arduamente para construir un mundo m\u00e1s justo e igualitario, donde todas las personas tengan la oportunidad de desarrollarse plenamente y vivir con dignidad.<\/p><p>Agradecemos profundamente el apoyo y la colaboraci\u00f3n de todos aquellos que comparten nuestra visi\u00f3n y se suman a nuestra causa. Juntos, estamos creando un impacto significativo en la vida de las mujeres en la Ciudad de M\u00e9xico, y estamos ansiosos por continuar este camino de transformaci\u00f3n y esperanza.<\/p>\t\t\t\t\t\t<\/div>\n\t\t\t\t<\/div>\n\t\t\t\t\t<\/div>\n\t\t<\/div>\n\t\t\t\t\t<\/div>\n\t\t<\/section>\n\t\t\t\t<section class=\"elementor-section elementor-top-section elementor-element elementor-element-46a3fab elementor-section-boxed elementor-section-height-default elementor-section-height-default wpr-particle-no wpr-jarallax-no wpr-parallax-no wpr-sticky-section-no\" data-id=\"46a3fab\" data-element_type=\"section\" data-settings=\"{&quot;background_background&quot;:&quot;classic&quot;}\">\n\t\t\t\t\t\t<div class=\"elementor-container elementor-column-gap-default\">\n\t\t\t\t\t<div class=\"elementor-column elementor-col-100 elementor-top-column elementor-element elementor-element-32e70d4\" data-id=\"32e70d4\" data-element_type=\"column\">\n\t\t\t<div class=\"elementor-widget-wrap elementor-element-populated\">\n\t\t\t\t\t\t<div class=\"elementor-element elementor-element-0a7cc06 elementor-widget elementor-widget-image\" data-id=\"0a7cc06\" data-element_type=\"widget\" data-widget_type=\"image.default\">\n\t\t\t\t<div class=\"elementor-widget-container\">\n\t\t\t\t\t\t\t\t\t\t\t\t\t<img fetchpriority=\"high\" decoding=\"async\" width=\"1024\" height=\"576\" src=\"https:\/\/fafmujer.org\/wp-content\/uploads\/2023\/08\/Agregar-un-titulo-1024x576.png\" class=\"attachment-large size-large wp-image-1331\" alt=\"\" srcset=\"https:\/\/fafmujer.org\/wp-content\/uploads\/2023\/08\/Agregar-un-titulo-1024x576.png 1024w, https:\/\/fafmujer.org\/wp-content\/uploads\/2023\/08\/Agregar-un-titulo-300x169.png 300w, https:\/\/fafmujer.org\/wp-content\/uploads\/2023\/08\/Agregar-un-titulo-768x432.png 768w, https:\/\/fafmujer.org\/wp-content\/uploads\/2023\/08\/Agregar-un-titulo-1536x864.png 1536w, https:\/\/fafmujer.org\/wp-content\/uploads\/2023\/08\/Agregar-un-titulo-60x34.png 60w, https:\/\/fafmujer.org\/wp-content\/uploads\/2023\/08\/Agregar-un-titulo.png 1920w\" sizes=\"(max-width: 1024px) 100vw, 1024px\" \/>\t\t\t\t\t\t\t\t\t\t\t\t\t<\/div>\n\t\t\t\t<\/div>\n\t\t\t\t\t<\/div>\n\t\t<\/div>\n\t\t\t\t\t<\/div>\n\t\t<\/section>\n\t\t\t\t<\/div>\n\t\t","protected":false},"excerpt":{"rendered":"<p>Sobre nosotros. Hace m\u00e1s de dos d\u00e9cadas, en 1997, Fundaci\u00f3n Alianza en Favor de la Mujer de la CDMX, IAP, fue fundada con un sue\u00f1o audaz: garantizar igualdad de oportunidades en educaci\u00f3n, capacitaci\u00f3n y empleo para las mujeres, as\u00ed como promover la equidad en el ejercicio de sus derechos y respaldar su papel fundamental en &hellip;<\/p>\n<p class=\"read-more\"> <a class=\"\" href=\"https:\/\/fafmujer.org\/index.php\/sobre-nosotros\/\"> <span class=\"screen-reader-text\">Sobre nosotros<\/span> Leer m\u00e1s &raquo;<\/a><\/p>\n","protected":false},"author":1,"featured_media":0,"parent":0,"menu_order":0,"comment_status":"open","ping_status":"closed","template":"","meta":{"site-sidebar-layout":"no-sidebar","site-content-layout":"page-builder","ast-site-content-layout":"full-width-container","site-content-style":"unboxed","site-sidebar-style":"unboxed","ast-global-header-display":"","ast-banner-title-visibility":"","ast-main-header-display":"","ast-hfb-above-header-display":"","ast-hfb-below-header-display":"","ast-hfb-mobile-header-display":"","site-post-title":"disabled","ast-breadcrumbs-content":"","ast-featured-img":"disabled","footer-sml-layout":"","theme-transparent-header-meta":"disabled","adv-header-id-meta":"","stick-header-meta":"","header-above-stick-meta":"","header-main-stick-meta":"","header-below-stick-meta":"","astra-migrate-meta-layouts":"set","footnotes":""},"class_list":["post-14","page","type-page","status-publish","hentry"],"_links":{"self":[{"href":"https:\/\/fafmujer.org\/index.php\/wp-json\/wp\/v2\/pages\/14","targetHints":{"allow":["GET"]}}],"collection":[{"href":"https:\/\/fafmujer.org\/index.php\/wp-json\/wp\/v2\/pages"}],"about":[{"href":"https:\/\/fafmujer.org\/index.php\/wp-json\/wp\/v2\/types\/page"}],"author":[{"embeddable":true,"href":"https:\/\/fafmujer.org\/index.php\/wp-json\/wp\/v2\/users\/1"}],"replies":[{"embeddable":true,"href":"https:\/\/fafmujer.org\/index.php\/wp-json\/wp\/v2\/comments?post=14"}],"version-history":[{"count":26,"href":"https:\/\/fafmujer.org\/index.php\/wp-json\/wp\/v2\/pages\/14\/revisions"}],"predecessor-version":[{"id":1949,"href":"https:\/\/fafmujer.org\/index.php\/wp-json\/wp\/v2\/pages\/14\/revisions\/1949"}],"wp:attachment":[{"href":"https:\/\/fafmujer.org\/index.php\/wp-json\/wp\/v2\/media?parent=14"}],"curies":[{"name":"wp","href":"https:\/\/api.w.org\/{rel}","templated":true}]}}