{"id":15,"date":"2021-11-21T15:14:41","date_gmt":"2021-11-21T21:14:41","guid":{"rendered":"https:\/\/fafmujer.org\/index.php\/services\/"},"modified":"2026-03-07T23:30:02","modified_gmt":"2026-03-08T05:30:02","slug":"testimonios-mujer","status":"publish","type":"page","link":"https:\/\/fafmujer.org\/index.php\/testimonios-mujer\/","title":{"rendered":"Testimonios"},"content":{"rendered":"\t\t<div data-elementor-type=\"wp-page\" data-elementor-id=\"15\" class=\"elementor elementor-15\">\n\t\t\t\t\t\t<section class=\"elementor-section elementor-top-section elementor-element elementor-element-c67cf3b elementor-section-boxed elementor-section-height-default elementor-section-height-default wpr-particle-no wpr-jarallax-no wpr-parallax-no wpr-sticky-section-no\" data-id=\"c67cf3b\" data-element_type=\"section\" data-settings=\"{&quot;background_background&quot;:&quot;classic&quot;}\">\n\t\t\t\t\t\t<div class=\"elementor-container elementor-column-gap-default\">\n\t\t\t\t\t<div class=\"elementor-column elementor-col-50 elementor-top-column elementor-element elementor-element-2a8eb5d\" data-id=\"2a8eb5d\" data-element_type=\"column\">\n\t\t\t<div class=\"elementor-widget-wrap elementor-element-populated\">\n\t\t\t\t\t\t<div class=\"elementor-element elementor-element-c483816 elementor-widget__width-initial elementor-widget elementor-widget-image\" data-id=\"c483816\" data-element_type=\"widget\" data-widget_type=\"image.default\">\n\t\t\t\t<div class=\"elementor-widget-container\">\n\t\t\t\t\t\t\t\t\t\t\t\t\t<img fetchpriority=\"high\" decoding=\"async\" width=\"1024\" height=\"927\" src=\"https:\/\/fafmujer.org\/wp-content\/uploads\/2026\/02\/961090e1-592c-4aa2-8e32-bc04b43da787-1024x927.jpg\" class=\"attachment-large size-large wp-image-1909\" alt=\"\" srcset=\"https:\/\/fafmujer.org\/wp-content\/uploads\/2026\/02\/961090e1-592c-4aa2-8e32-bc04b43da787-1024x927.jpg 1024w, https:\/\/fafmujer.org\/wp-content\/uploads\/2026\/02\/961090e1-592c-4aa2-8e32-bc04b43da787-300x271.jpg 300w, https:\/\/fafmujer.org\/wp-content\/uploads\/2026\/02\/961090e1-592c-4aa2-8e32-bc04b43da787-768x695.jpg 768w, https:\/\/fafmujer.org\/wp-content\/uploads\/2026\/02\/961090e1-592c-4aa2-8e32-bc04b43da787.jpg 1126w\" sizes=\"(max-width: 1024px) 100vw, 1024px\" \/>\t\t\t\t\t\t\t\t\t\t\t\t\t<\/div>\n\t\t\t\t<\/div>\n\t\t\t\t<div class=\"elementor-element elementor-element-a4860d3 elementor-widget__width-initial elementor-widget elementor-widget-heading\" data-id=\"a4860d3\" data-element_type=\"widget\" data-widget_type=\"heading.default\">\n\t\t\t\t<div class=\"elementor-widget-container\">\n\t\t\t<h2 class=\"elementor-heading-title elementor-size-default\"><br><p><strong style=\"font-style: inherit\">Mujeres unidas: tejiendo comunidad, compartiendo vida y fortaleciendo lazos.<\/strong><\/p><\/h2>\t\t<\/div>\n\t\t\t\t<\/div>\n\t\t\t\t<div class=\"elementor-element elementor-element-42d54b6 elementor-widget__width-initial elementor-widget elementor-widget-image\" data-id=\"42d54b6\" data-element_type=\"widget\" data-widget_type=\"image.default\">\n\t\t\t\t<div class=\"elementor-widget-container\">\n\t\t\t\t\t\t\t\t\t\t\t\t\t<img decoding=\"async\" width=\"768\" height=\"1024\" src=\"https:\/\/fafmujer.org\/wp-content\/uploads\/2026\/02\/61f2004f-c93c-469b-9486-53824075d16b-768x1024.jpg\" class=\"attachment-large size-large wp-image-1912\" alt=\"\" srcset=\"https:\/\/fafmujer.org\/wp-content\/uploads\/2026\/02\/61f2004f-c93c-469b-9486-53824075d16b-768x1024.jpg 768w, https:\/\/fafmujer.org\/wp-content\/uploads\/2026\/02\/61f2004f-c93c-469b-9486-53824075d16b-225x300.jpg 225w, https:\/\/fafmujer.org\/wp-content\/uploads\/2026\/02\/61f2004f-c93c-469b-9486-53824075d16b.jpg 960w\" sizes=\"(max-width: 768px) 100vw, 768px\" \/>\t\t\t\t\t\t\t\t\t\t\t\t\t<\/div>\n\t\t\t\t<\/div>\n\t\t\t\t\t<\/div>\n\t\t<\/div>\n\t\t\t\t<div class=\"elementor-column elementor-col-50 elementor-top-column elementor-element elementor-element-5a1a8a5\" data-id=\"5a1a8a5\" data-element_type=\"column\">\n\t\t\t<div class=\"elementor-widget-wrap elementor-element-populated\">\n\t\t\t\t\t\t<div class=\"elementor-element elementor-element-2016b0b elementor-widget__width-initial elementor-widget elementor-widget-text-editor\" data-id=\"2016b0b\" data-element_type=\"widget\" data-widget_type=\"text-editor.default\">\n\t\t\t\t<div class=\"elementor-widget-container\">\n\t\t\t\t\t\t\t<p data-start=\"143\" data-end=\"207\"><span data-start=\"143\" data-end=\"207\">En honor a la fuerza, la sabidur\u00eda y la dignidad de la mujer.<\/span><\/p>\n<p data-start=\"143\" data-end=\"207\"><strong data-start=\"143\" data-end=\"207\"><br><\/strong><\/p>\n<p data-start=\"209\" data-end=\"672\">La mujer es el pilar fundamental de nuestras comunidades. Su voz, su trabajo y su presencia son la ra\u00edz del cambio, el sost\u00e9n de la familia y el motor de la sociedad. A trav\u00e9s de los a\u00f1os, las mujeres han resistido, luchado y transformado realidades con una valent\u00eda silenciosa y constante. Desde los hogares hasta los espacios p\u00fablicos, desde el cuidado de los suyos hasta el liderazgo social, su papel ha sido esencial, aunque no siempre reconocido como merece.<\/p>\n<p data-start=\"1063\" data-end=\"1345\">Esta imagen representa m\u00e1s que una reuni\u00f3n: representa una red de apoyo viva y poderosa, una comunidad de mujeres que comparten saberes, que se acompa\u00f1an, que se fortalecen entre s\u00ed. Aqu\u00ed no hay edades ni clases sociales que dividan, sino historias comunes que unen y dan sentido.<\/p>\n<p data-start=\"1347\" data-end=\"1681\">En un mundo que muchas veces les ha exigido callar, hoy reconocemos su derecho a hablar, a decidir, a liderar. Nos unimos para garantizar entornos libres de violencia, con igualdad de oportunidades y pleno respeto a sus derechos humanos. Porque empoderar a una mujer es transformar a una familia, a una comunidad y a toda la sociedad.<\/p>\n<p data-start=\"1683\" data-end=\"1918\">Gracias a cada una de ustedes por su ejemplo, por su entrega y por ser la voz de tantas otras que a\u00fan luchan por ser escuchadas. Que esta sea una celebraci\u00f3n de sus vidas, de su dignidad y de todo lo que a\u00fan est\u00e1 por construir, juntas.<\/p>\t\t\t\t\t\t<\/div>\n\t\t\t\t<\/div>\n\t\t\t\t\t<\/div>\n\t\t<\/div>\n\t\t\t\t\t<\/div>\n\t\t<\/section>\n\t\t\t\t<section class=\"elementor-section elementor-top-section elementor-element elementor-element-a92bf94 elementor-section-boxed elementor-section-height-default elementor-section-height-default wpr-particle-no wpr-jarallax-no wpr-parallax-no wpr-sticky-section-no\" data-id=\"a92bf94\" data-element_type=\"section\" data-settings=\"{&quot;background_background&quot;:&quot;classic&quot;}\">\n\t\t\t\t\t\t<div class=\"elementor-container elementor-column-gap-default\">\n\t\t\t\t\t<div class=\"elementor-column elementor-col-50 elementor-top-column elementor-element elementor-element-f485586\" data-id=\"f485586\" data-element_type=\"column\">\n\t\t\t<div class=\"elementor-widget-wrap elementor-element-populated\">\n\t\t\t\t\t\t<div class=\"elementor-element elementor-element-b5d284b elementor-widget__width-initial elementor-widget elementor-widget-image\" data-id=\"b5d284b\" data-element_type=\"widget\" data-widget_type=\"image.default\">\n\t\t\t\t<div class=\"elementor-widget-container\">\n\t\t\t\t\t\t\t\t\t\t\t\t\t<img decoding=\"async\" width=\"960\" height=\"1280\" src=\"https:\/\/fafmujer.org\/wp-content\/uploads\/2026\/02\/cd26f0f0-a569-4b56-945a-793215028ce5.jpg\" class=\"attachment-full size-full wp-image-1916\" alt=\"\" srcset=\"https:\/\/fafmujer.org\/wp-content\/uploads\/2026\/02\/cd26f0f0-a569-4b56-945a-793215028ce5.jpg 960w, https:\/\/fafmujer.org\/wp-content\/uploads\/2026\/02\/cd26f0f0-a569-4b56-945a-793215028ce5-225x300.jpg 225w, https:\/\/fafmujer.org\/wp-content\/uploads\/2026\/02\/cd26f0f0-a569-4b56-945a-793215028ce5-768x1024.jpg 768w\" sizes=\"(max-width: 960px) 100vw, 960px\" \/>\t\t\t\t\t\t\t\t\t\t\t\t\t<\/div>\n\t\t\t\t<\/div>\n\t\t\t\t\t<\/div>\n\t\t<\/div>\n\t\t\t\t<div class=\"elementor-column elementor-col-50 elementor-top-column elementor-element elementor-element-7d00c84\" data-id=\"7d00c84\" data-element_type=\"column\">\n\t\t\t<div class=\"elementor-widget-wrap elementor-element-populated\">\n\t\t\t\t\t\t<div class=\"elementor-element elementor-element-8ce1b85 elementor-widget elementor-widget-heading\" data-id=\"8ce1b85\" data-element_type=\"widget\" data-widget_type=\"heading.default\">\n\t\t\t\t<div class=\"elementor-widget-container\">\n\t\t\t<h4 class=\"elementor-heading-title elementor-size-default\">TESTIMONIOS <\/h4>\t\t<\/div>\n\t\t\t\t<\/div>\n\t\t\t\t<div class=\"elementor-element elementor-element-c31e03f elementor-widget__width-initial elementor-widget elementor-widget-text-editor\" data-id=\"c31e03f\" data-element_type=\"widget\" data-widget_type=\"text-editor.default\">\n\t\t\t\t<div class=\"elementor-widget-container\">\n\t\t\t\t\t\t\t<p data-start=\"198\" data-end=\"248\"><em data-start=\"250\" data-end=\"533\" style=\"font-weight: inherit;\">\u00abDurante muchos a\u00f1os pens\u00e9 que amar era darlo todo, incluso cuando eso significaba olvidarme de m\u00ed. Viv\u00ed una relaci\u00f3n donde me sent\u00eda vac\u00eda, ansiosa y dependiente&#8230; pero pensaba que era normal, que as\u00ed era el amor. No sab\u00eda que lo que realmente viv\u00eda era codependencia emocional.\u00bb<\/em><\/p>\n<p data-start=\"535\" data-end=\"859\"><em data-start=\"535\" data-end=\"859\">\u00abLlegar a la Fundaci\u00f3n Alianza en Favor de la Mujer fue un antes y un despu\u00e9s. Me escucharon sin juzgar, me ayudaron a ver lo que no pod\u00eda sola. Gracias a la terapia comprend\u00ed que merezco amor, pero tambi\u00e9n respeto, libertad y bienestar. Hoy puedo decir que me estoy reconstruyendo, que me estoy eligiendo todos los d\u00edas.\u00bb<\/em><\/p>\n<p data-start=\"861\" data-end=\"1006\"><em data-start=\"864\" data-end=\"983\">\u00abNo es f\u00e1cil, pero con el acompa\u00f1amiento correcto, todo es posible. Gracias por devolverme la voz que hab\u00eda perdido.\u00bb<\/em><\/p>\t\t\t\t\t\t<\/div>\n\t\t\t\t<\/div>\n\t\t\t\t\t<\/div>\n\t\t<\/div>\n\t\t\t\t\t<\/div>\n\t\t<\/section>\n\t\t\t\t<section class=\"elementor-section elementor-top-section elementor-element elementor-element-81b0575 elementor-section-boxed elementor-section-height-default elementor-section-height-default wpr-particle-no wpr-jarallax-no wpr-parallax-no wpr-sticky-section-no\" data-id=\"81b0575\" data-element_type=\"section\" data-settings=\"{&quot;background_background&quot;:&quot;classic&quot;}\">\n\t\t\t\t\t\t<div class=\"elementor-container elementor-column-gap-default\">\n\t\t\t\t\t<div class=\"elementor-column elementor-col-50 elementor-top-column elementor-element elementor-element-15cfb90\" data-id=\"15cfb90\" data-element_type=\"column\">\n\t\t\t<div class=\"elementor-widget-wrap elementor-element-populated\">\n\t\t\t\t\t\t<div class=\"elementor-element elementor-element-a26d886 elementor-widget__width-initial elementor-widget elementor-widget-image\" data-id=\"a26d886\" data-element_type=\"widget\" data-widget_type=\"image.default\">\n\t\t\t\t<div class=\"elementor-widget-container\">\n\t\t\t\t\t\t\t\t\t\t\t\t\t<img loading=\"lazy\" decoding=\"async\" width=\"960\" height=\"1280\" src=\"https:\/\/fafmujer.org\/wp-content\/uploads\/2026\/02\/WhatsApp-Image-2026-02-05-at-12.09.05-AM.jpeg\" class=\"attachment-full size-full wp-image-1871\" alt=\"\" srcset=\"https:\/\/fafmujer.org\/wp-content\/uploads\/2026\/02\/WhatsApp-Image-2026-02-05-at-12.09.05-AM.jpeg 960w, https:\/\/fafmujer.org\/wp-content\/uploads\/2026\/02\/WhatsApp-Image-2026-02-05-at-12.09.05-AM-225x300.jpeg 225w, https:\/\/fafmujer.org\/wp-content\/uploads\/2026\/02\/WhatsApp-Image-2026-02-05-at-12.09.05-AM-768x1024.jpeg 768w\" sizes=\"(max-width: 960px) 100vw, 960px\" \/>\t\t\t\t\t\t\t\t\t\t\t\t\t<\/div>\n\t\t\t\t<\/div>\n\t\t\t\t\t<\/div>\n\t\t<\/div>\n\t\t\t\t<div class=\"elementor-column elementor-col-50 elementor-top-column elementor-element elementor-element-97c09ce\" data-id=\"97c09ce\" data-element_type=\"column\">\n\t\t\t<div class=\"elementor-widget-wrap elementor-element-populated\">\n\t\t\t\t\t\t<div class=\"elementor-element elementor-element-f06fcd5 elementor-widget__width-initial elementor-widget elementor-widget-text-editor\" data-id=\"f06fcd5\" data-element_type=\"widget\" data-widget_type=\"text-editor.default\">\n\t\t\t\t<div class=\"elementor-widget-container\">\n\t\t\t\t\t\t\t<p data-start=\"307\" data-end=\"724\">\u00abLlegu\u00e9 a la Fundaci\u00f3n en uno de los momentos m\u00e1s dif\u00edciles de mi vida. Hab\u00eda pasado a\u00f1os en una relaci\u00f3n donde el maltrato psicol\u00f3gico y la violencia eran parte de mi d\u00eda a d\u00eda. Me sent\u00eda atrapada, con miedo constante, sin fuerzas y, sobre todo, sin esperanza. No sab\u00eda que exist\u00eda un lugar donde pudiera recibir apoyo sin ser juzgada, donde pudiera hablar sin temor y donde mi historia ser\u00eda escuchada con empat\u00eda.<\/p><p data-start=\"726\" data-end=\"1184\">Desde el primer contacto con la Fundaci\u00f3n Alianza en Favor de la Mujer, supe que no estaba sola. Me brindaron atenci\u00f3n psicol\u00f3gica, orientaci\u00f3n legal y, lo m\u00e1s importante, una red de apoyo humano que me acompa\u00f1\u00f3 paso a paso en mi proceso de recuperaci\u00f3n. Los talleres que ofrecen me ayudaron a reconstruir mi autoestima, a entender mis derechos y a reconocer mi valor como mujer. No solo recib\u00ed ayuda, tambi\u00e9n encontr\u00e9 un espacio seguro donde sanar y crecer.<\/p><p data-start=\"1186\" data-end=\"1594\">Gracias al compromiso de esta fundaci\u00f3n, hoy puedo mirar hacia atr\u00e1s y ver todo lo que he superado. Ahora soy una mujer empoderada, con herramientas para defenderme, con metas claras y con la convicci\u00f3n de que merezco vivir una vida libre de violencia. Siempre estar\u00e9 agradecida con cada persona que forma parte de este hermoso proyecto. La Fundaci\u00f3n no solo me ayud\u00f3 a salir adelante\u2026 me devolvi\u00f3 la vida.\u201d<\/p>\t\t\t\t\t\t<\/div>\n\t\t\t\t<\/div>\n\t\t\t\t\t<\/div>\n\t\t<\/div>\n\t\t\t\t\t<\/div>\n\t\t<\/section>\n\t\t\t\t<section class=\"elementor-section elementor-top-section elementor-element elementor-element-1a9e9cf elementor-section-boxed elementor-section-height-default elementor-section-height-default wpr-particle-no wpr-jarallax-no wpr-parallax-no wpr-sticky-section-no\" data-id=\"1a9e9cf\" data-element_type=\"section\" data-settings=\"{&quot;background_background&quot;:&quot;gradient&quot;}\">\n\t\t\t\t\t\t<div class=\"elementor-container elementor-column-gap-default\">\n\t\t\t\t\t<div class=\"elementor-column elementor-col-100 elementor-top-column elementor-element elementor-element-b30d45d\" data-id=\"b30d45d\" data-element_type=\"column\">\n\t\t\t<div class=\"elementor-widget-wrap elementor-element-populated\">\n\t\t\t\t\t\t<div class=\"elementor-element elementor-element-dfd8f52 elementor-arrows-position-outside elementor-widget__width-initial elementor-pagination-position-outside elementor-widget elementor-widget-image-carousel\" data-id=\"dfd8f52\" data-element_type=\"widget\" data-settings=\"{&quot;slides_to_show&quot;:&quot;5&quot;,&quot;slides_to_scroll&quot;:&quot;2&quot;,&quot;navigation&quot;:&quot;both&quot;,&quot;autoplay&quot;:&quot;yes&quot;,&quot;pause_on_hover&quot;:&quot;yes&quot;,&quot;pause_on_interaction&quot;:&quot;yes&quot;,&quot;autoplay_speed&quot;:5000,&quot;infinite&quot;:&quot;yes&quot;,&quot;speed&quot;:500}\" data-widget_type=\"image-carousel.default\">\n\t\t\t\t<div class=\"elementor-widget-container\">\n\t\t\t\t\t<div class=\"elementor-image-carousel-wrapper swiper\" dir=\"ltr\">\n\t\t\t<div class=\"elementor-image-carousel swiper-wrapper\" aria-live=\"off\">\n\t\t\t\t\t\t\t\t<div class=\"swiper-slide\" role=\"group\" aria-roledescription=\"slide\" aria-label=\"1 de 6\"><figure class=\"swiper-slide-inner\"><img decoding=\"async\" class=\"swiper-slide-image\" src=\"https:\/\/fafmujer.org\/wp-content\/uploads\/2025\/01\/6-150x150.jpg\" alt=\"6\" \/><\/figure><\/div><div class=\"swiper-slide\" role=\"group\" aria-roledescription=\"slide\" aria-label=\"2 de 6\"><figure class=\"swiper-slide-inner\"><img decoding=\"async\" class=\"swiper-slide-image\" src=\"https:\/\/fafmujer.org\/wp-content\/uploads\/2025\/01\/3-150x150.jpg\" alt=\"3\" \/><\/figure><\/div><div class=\"swiper-slide\" role=\"group\" aria-roledescription=\"slide\" aria-label=\"3 de 6\"><figure class=\"swiper-slide-inner\"><img decoding=\"async\" class=\"swiper-slide-image\" src=\"https:\/\/fafmujer.org\/wp-content\/uploads\/2025\/01\/2-150x150.jpg\" alt=\"2\" \/><\/figure><\/div><div class=\"swiper-slide\" role=\"group\" aria-roledescription=\"slide\" aria-label=\"4 de 6\"><figure class=\"swiper-slide-inner\"><img decoding=\"async\" class=\"swiper-slide-image\" src=\"https:\/\/fafmujer.org\/wp-content\/uploads\/2025\/01\/5-150x150.jpg\" alt=\"5\" \/><\/figure><\/div><div class=\"swiper-slide\" role=\"group\" aria-roledescription=\"slide\" aria-label=\"5 de 6\"><figure class=\"swiper-slide-inner\"><img decoding=\"async\" class=\"swiper-slide-image\" src=\"https:\/\/fafmujer.org\/wp-content\/uploads\/2025\/01\/4.2-150x150.jpg\" alt=\"4.2\" \/><\/figure><\/div><div class=\"swiper-slide\" role=\"group\" aria-roledescription=\"slide\" aria-label=\"6 de 6\"><figure class=\"swiper-slide-inner\"><img decoding=\"async\" class=\"swiper-slide-image\" src=\"https:\/\/fafmujer.org\/wp-content\/uploads\/2025\/01\/1-150x150.jpg\" alt=\"1\" \/><\/figure><\/div>\t\t\t<\/div>\n\t\t\t\t\t\t\t\t\t\t\t\t<div class=\"elementor-swiper-button elementor-swiper-button-prev\" role=\"button\" tabindex=\"0\">\n\t\t\t\t\t\t<i aria-hidden=\"true\" class=\"eicon-chevron-left\"><\/i>\t\t\t\t\t<\/div>\n\t\t\t\t\t<div class=\"elementor-swiper-button elementor-swiper-button-next\" role=\"button\" tabindex=\"0\">\n\t\t\t\t\t\t<i aria-hidden=\"true\" class=\"eicon-chevron-right\"><\/i>\t\t\t\t\t<\/div>\n\t\t\t\t\n\t\t\t\t\t\t\t\t\t<div class=\"swiper-pagination\"><\/div>\n\t\t\t\t\t\t\t\t\t<\/div>\n\t\t\t\t<\/div>\n\t\t\t\t<\/div>\n\t\t\t\t\t<\/div>\n\t\t<\/div>\n\t\t\t\t\t<\/div>\n\t\t<\/section>\n\t\t\t\t<\/div>\n\t\t","protected":false},"excerpt":{"rendered":"<p>Mujeres unidas: tejiendo comunidad, compartiendo vida y fortaleciendo lazos. En honor a la fuerza, la sabidur\u00eda y la dignidad de la mujer. La mujer es el pilar fundamental de nuestras comunidades. Su voz, su trabajo y su presencia son la ra\u00edz del cambio, el sost\u00e9n de la familia y el motor de la sociedad. A &hellip;<\/p>\n<p class=\"read-more\"> <a class=\"\" href=\"https:\/\/fafmujer.org\/index.php\/testimonios-mujer\/\"> <span class=\"screen-reader-text\">Testimonios<\/span> Leer m\u00e1s &raquo;<\/a><\/p>\n","protected":false},"author":1,"featured_media":0,"parent":0,"menu_order":0,"comment_status":"closed","ping_status":"closed","template":"","meta":{"site-sidebar-layout":"no-sidebar","site-content-layout":"page-builder","ast-site-content-layout":"full-width-container","site-content-style":"unboxed","site-sidebar-style":"unboxed","ast-global-header-display":"","ast-banner-title-visibility":"","ast-main-header-display":"","ast-hfb-above-header-display":"","ast-hfb-below-header-display":"","ast-hfb-mobile-header-display":"","site-post-title":"disabled","ast-breadcrumbs-content":"","ast-featured-img":"disabled","footer-sml-layout":"","theme-transparent-header-meta":"disabled","adv-header-id-meta":"","stick-header-meta":"","header-above-stick-meta":"","header-main-stick-meta":"","header-below-stick-meta":"","astra-migrate-meta-layouts":"set","footnotes":""},"class_list":["post-15","page","type-page","status-publish","hentry"],"_links":{"self":[{"href":"https:\/\/fafmujer.org\/index.php\/wp-json\/wp\/v2\/pages\/15","targetHints":{"allow":["GET"]}}],"collection":[{"href":"https:\/\/fafmujer.org\/index.php\/wp-json\/wp\/v2\/pages"}],"about":[{"href":"https:\/\/fafmujer.org\/index.php\/wp-json\/wp\/v2\/types\/page"}],"author":[{"embeddable":true,"href":"https:\/\/fafmujer.org\/index.php\/wp-json\/wp\/v2\/users\/1"}],"replies":[{"embeddable":true,"href":"https:\/\/fafmujer.org\/index.php\/wp-json\/wp\/v2\/comments?post=15"}],"version-history":[{"count":53,"href":"https:\/\/fafmujer.org\/index.php\/wp-json\/wp\/v2\/pages\/15\/revisions"}],"predecessor-version":[{"id":1944,"href":"https:\/\/fafmujer.org\/index.php\/wp-json\/wp\/v2\/pages\/15\/revisions\/1944"}],"wp:attachment":[{"href":"https:\/\/fafmujer.org\/index.php\/wp-json\/wp\/v2\/media?parent=15"}],"curies":[{"name":"wp","href":"https:\/\/api.w.org\/{rel}","templated":true}]}}